{"id":980,"date":"2025-05-07T13:10:38","date_gmt":"2025-05-07T13:10:38","guid":{"rendered":"https:\/\/tanglystudio.com\/?post_type=product&#038;p=980"},"modified":"2025-05-17T19:37:27","modified_gmt":"2025-05-17T19:37:27","slug":"dancing-with-the-sun-and-the-moon-embroidery","status":"publish","type":"product","link":"https:\/\/tanglystudio.com\/en\/product\/dancing-with-the-sun-and-the-moon-embroidery\/","title":{"rendered":"Dancing with the sun and the moon embroidery"},"content":{"rendered":"","protected":false},"excerpt":{"rendered":"<p>Vegyes technik\u00e1val k\u00e9sz\u00edtett textil k\u00e9p keretben. Ez a k\u00e9p k\u00e9zi \u00e9s g\u00e9pi h\u00edmz\u00e9ssel k\u00e9sz\u00fclt, k\u00fcl\u00f6nb\u00f6z\u0151 marad\u00e9k \u00e9s \u00fajrahasznos\u00edtott anyagb\u00f3l. A t\u00e1ncol\u00f3 l\u00e9nyek, a nap \u00e9s a hold megjelen\u00edt\u00e9se ezeken az izgalmas, tarka anyagokon b\u00e1rmilyen teret megt\u00f6lt \u00e9lettel.<\/p>\n<p>M\u00e9ret: A4<\/p>","protected":false},"featured_media":977,"comment_status":"open","ping_status":"closed","template":"","meta":{"_et_pb_use_builder":"","_et_pb_old_content":"","_et_gb_content_width":"","inline_featured_image":false},"product_brand":[],"product_cat":[15],"product_tag":[44,70,43,67],"class_list":{"0":"post-980","1":"product","2":"type-product","3":"status-publish","4":"has-post-thumbnail","6":"product_cat-otthon","7":"product_tag-embroidered","8":"product_tag-fali-kep","9":"product_tag-himzett","10":"product_tag-kezi-himzes","12":"first","13":"onbackorder","14":"taxable","15":"shipping-taxable","16":"purchasable","17":"product-type-simple"},"yoast_head":"<!-- This site is optimized with the Yoast SEO plugin v27.4 - https:\/\/yoast.com\/product\/yoast-seo-wordpress\/ -->\n<title>Dancing with the sun and the moon embroidery - Tangly Studio<\/title>\n<meta name=\"description\" content=\"Vegyes technik\u00e1val k\u00e9sz\u00edtett textil k\u00e9p keretben. Ez a k\u00e9p k\u00e9zi \u00e9s g\u00e9pi h\u00edmz\u00e9ssel k\u00e9sz\u00fclt, k\u00fcl\u00f6nb\u00f6z\u0151 marad\u00e9k \u00e9s \u00fajrahasznos\u00edtott anyagb\u00f3l. A t\u00e1ncol\u00f3 l\u00e9nyek, a nap \u00e9s a hold megjelen\u00edt\u00e9se ezeken az izgalmas, tarka anyagokon b\u00e1rmilyen teret megt\u00f6lt \u00e9lettel.\" \/>\n<meta name=\"robots\" content=\"index, follow, max-snippet:-1, max-image-preview:large, max-video-preview:-1\" \/>\n<link rel=\"canonical\" href=\"https:\/\/tanglystudio.com\/en\/product\/dancing-with-the-sun-and-the-moon-embroidery\/\" \/>\n<meta property=\"og:locale\" content=\"en_GB\" \/>\n<meta property=\"og:type\" content=\"article\" \/>\n<meta property=\"og:title\" content=\"Dancing with the sun and the moon embroidery - Tangly Studio\" \/>\n<meta property=\"og:description\" content=\"Vegyes technik\u00e1val k\u00e9sz\u00edtett textil k\u00e9p keretben. Ez a k\u00e9p k\u00e9zi \u00e9s g\u00e9pi h\u00edmz\u00e9ssel k\u00e9sz\u00fclt, k\u00fcl\u00f6nb\u00f6z\u0151 marad\u00e9k \u00e9s \u00fajrahasznos\u00edtott anyagb\u00f3l. A t\u00e1ncol\u00f3 l\u00e9nyek, a nap \u00e9s a hold megjelen\u00edt\u00e9se ezeken az izgalmas, tarka anyagokon b\u00e1rmilyen teret megt\u00f6lt \u00e9lettel.\" \/>\n<meta property=\"og:url\" content=\"https:\/\/tanglystudio.com\/en\/product\/dancing-with-the-sun-and-the-moon-embroidery\/\" \/>\n<meta property=\"og:site_name\" content=\"Tangly Studio\" \/>\n<meta property=\"article:publisher\" content=\"https:\/\/www.facebook.com\/tanglystudio\" \/>\n<meta property=\"article:modified_time\" content=\"2025-05-17T19:37:27+00:00\" \/>\n<meta property=\"og:image\" content=\"https:\/\/tanglystudio.com\/wp-content\/uploads\/2025\/05\/IMG_6273-scaled.jpg\" \/>\n\t<meta property=\"og:image:width\" content=\"1707\" \/>\n\t<meta property=\"og:image:height\" content=\"2560\" \/>\n\t<meta property=\"og:image:type\" content=\"image\/jpeg\" \/>\n<meta name=\"twitter:card\" content=\"summary_large_image\" \/>\n<meta name=\"twitter:label1\" content=\"Estimated reading time\" \/>\n\t<meta name=\"twitter:data1\" content=\"1 minute\" \/>\n<script type=\"application\/ld+json\" class=\"yoast-schema-graph\">{\"@context\":\"https:\\\/\\\/schema.org\",\"@graph\":[{\"@type\":\"WebPage\",\"@id\":\"https:\\\/\\\/tanglystudio.com\\\/termek\\\/dancing-with-the-sun-and-the-moon-embroidery\\\/\",\"url\":\"https:\\\/\\\/tanglystudio.com\\\/termek\\\/dancing-with-the-sun-and-the-moon-embroidery\\\/\",\"name\":\"Dancing with the sun and the moon embroidery - Tangly Studio\",\"isPartOf\":{\"@id\":\"https:\\\/\\\/tanglystudio.com\\\/#website\"},\"primaryImageOfPage\":{\"@id\":\"https:\\\/\\\/tanglystudio.com\\\/termek\\\/dancing-with-the-sun-and-the-moon-embroidery\\\/#primaryimage\"},\"image\":{\"@id\":\"https:\\\/\\\/tanglystudio.com\\\/termek\\\/dancing-with-the-sun-and-the-moon-embroidery\\\/#primaryimage\"},\"thumbnailUrl\":\"https:\\\/\\\/tanglystudio.com\\\/wp-content\\\/uploads\\\/2025\\\/05\\\/IMG_6273-scaled.jpg\",\"datePublished\":\"2025-05-07T13:10:38+00:00\",\"dateModified\":\"2025-05-17T19:37:27+00:00\",\"description\":\"Vegyes technik\u00e1val k\u00e9sz\u00edtett textil k\u00e9p keretben. Ez a k\u00e9p k\u00e9zi \u00e9s g\u00e9pi h\u00edmz\u00e9ssel k\u00e9sz\u00fclt, k\u00fcl\u00f6nb\u00f6z\u0151 marad\u00e9k \u00e9s \u00fajrahasznos\u00edtott anyagb\u00f3l. A t\u00e1ncol\u00f3 l\u00e9nyek, a nap \u00e9s a hold megjelen\u00edt\u00e9se ezeken az izgalmas, tarka anyagokon b\u00e1rmilyen teret megt\u00f6lt \u00e9lettel.\",\"breadcrumb\":{\"@id\":\"https:\\\/\\\/tanglystudio.com\\\/termek\\\/dancing-with-the-sun-and-the-moon-embroidery\\\/#breadcrumb\"},\"inLanguage\":\"en-GB\",\"potentialAction\":[{\"@type\":\"ReadAction\",\"target\":[\"https:\\\/\\\/tanglystudio.com\\\/termek\\\/dancing-with-the-sun-and-the-moon-embroidery\\\/\"]}]},{\"@type\":\"ImageObject\",\"inLanguage\":\"en-GB\",\"@id\":\"https:\\\/\\\/tanglystudio.com\\\/termek\\\/dancing-with-the-sun-and-the-moon-embroidery\\\/#primaryimage\",\"url\":\"https:\\\/\\\/tanglystudio.com\\\/wp-content\\\/uploads\\\/2025\\\/05\\\/IMG_6273-scaled.jpg\",\"contentUrl\":\"https:\\\/\\\/tanglystudio.com\\\/wp-content\\\/uploads\\\/2025\\\/05\\\/IMG_6273-scaled.jpg\",\"width\":1707,\"height\":2560},{\"@type\":\"BreadcrumbList\",\"@id\":\"https:\\\/\\\/tanglystudio.com\\\/termek\\\/dancing-with-the-sun-and-the-moon-embroidery\\\/#breadcrumb\",\"itemListElement\":[{\"@type\":\"ListItem\",\"position\":1,\"name\":\"Kezd\u0151lap\",\"item\":\"https:\\\/\\\/tanglystudio.com\\\/\"},{\"@type\":\"ListItem\",\"position\":2,\"name\":\"Shop\",\"item\":\"https:\\\/\\\/tanglystudio.com\\\/shop\\\/\"},{\"@type\":\"ListItem\",\"position\":3,\"name\":\"Dancing with the sun and the moon embroidery\"}]},{\"@type\":\"WebSite\",\"@id\":\"https:\\\/\\\/tanglystudio.com\\\/#website\",\"url\":\"https:\\\/\\\/tanglystudio.com\\\/\",\"name\":\"Tangly Studio\",\"description\":\"Fenntarthat\u00f3 szeml\u00e9let\u0171 \u00f6lt\u00f6z\u00e9kek, kieg\u00e9sz\u00edt\u0151k, install\u00e1ci\u00f3k\",\"publisher\":{\"@id\":\"https:\\\/\\\/tanglystudio.com\\\/#organization\"},\"potentialAction\":[{\"@type\":\"SearchAction\",\"target\":{\"@type\":\"EntryPoint\",\"urlTemplate\":\"https:\\\/\\\/tanglystudio.com\\\/?s={search_term_string}\"},\"query-input\":{\"@type\":\"PropertyValueSpecification\",\"valueRequired\":true,\"valueName\":\"search_term_string\"}}],\"inLanguage\":\"en-GB\"},{\"@type\":\"Organization\",\"@id\":\"https:\\\/\\\/tanglystudio.com\\\/#organization\",\"name\":\"K\u00f6rnyezetbar\u00e1t alkot\u00e1sok sz\u00edvvel \u00e9s k\u00e9zzel\",\"url\":\"https:\\\/\\\/tanglystudio.com\\\/\",\"logo\":{\"@type\":\"ImageObject\",\"inLanguage\":\"en-GB\",\"@id\":\"https:\\\/\\\/tanglystudio.com\\\/#\\\/schema\\\/logo\\\/image\\\/\",\"url\":\"https:\\\/\\\/tanglystudio.com\\\/wp-content\\\/uploads\\\/2024\\\/11\\\/tangly-studio_egysoros-fekvo_feketesarga-1.webp\",\"contentUrl\":\"https:\\\/\\\/tanglystudio.com\\\/wp-content\\\/uploads\\\/2024\\\/11\\\/tangly-studio_egysoros-fekvo_feketesarga-1.webp\",\"width\":670,\"height\":335,\"caption\":\"K\u00f6rnyezetbar\u00e1t alkot\u00e1sok sz\u00edvvel \u00e9s k\u00e9zzel\"},\"image\":{\"@id\":\"https:\\\/\\\/tanglystudio.com\\\/#\\\/schema\\\/logo\\\/image\\\/\"},\"sameAs\":[\"https:\\\/\\\/www.facebook.com\\\/tanglystudio\",\"https:\\\/\\\/www.instagram.com\\\/tanglystudio\\\/\"]}]}<\/script>\n<!-- \/ Yoast SEO plugin. -->","yoast_head_json":{"title":"Dancing with the sun and the moon embroidery - Tangly Studio","description":"Vegyes technik\u00e1val k\u00e9sz\u00edtett textil k\u00e9p keretben. Ez a k\u00e9p k\u00e9zi \u00e9s g\u00e9pi h\u00edmz\u00e9ssel k\u00e9sz\u00fclt, k\u00fcl\u00f6nb\u00f6z\u0151 marad\u00e9k \u00e9s \u00fajrahasznos\u00edtott anyagb\u00f3l. A t\u00e1ncol\u00f3 l\u00e9nyek, a nap \u00e9s a hold megjelen\u00edt\u00e9se ezeken az izgalmas, tarka anyagokon b\u00e1rmilyen teret megt\u00f6lt \u00e9lettel.","robots":{"index":"index","follow":"follow","max-snippet":"max-snippet:-1","max-image-preview":"max-image-preview:large","max-video-preview":"max-video-preview:-1"},"canonical":"https:\/\/tanglystudio.com\/en\/product\/dancing-with-the-sun-and-the-moon-embroidery\/","og_locale":"en_GB","og_type":"article","og_title":"Dancing with the sun and the moon embroidery - Tangly Studio","og_description":"Vegyes technik\u00e1val k\u00e9sz\u00edtett textil k\u00e9p keretben. Ez a k\u00e9p k\u00e9zi \u00e9s g\u00e9pi h\u00edmz\u00e9ssel k\u00e9sz\u00fclt, k\u00fcl\u00f6nb\u00f6z\u0151 marad\u00e9k \u00e9s \u00fajrahasznos\u00edtott anyagb\u00f3l. A t\u00e1ncol\u00f3 l\u00e9nyek, a nap \u00e9s a hold megjelen\u00edt\u00e9se ezeken az izgalmas, tarka anyagokon b\u00e1rmilyen teret megt\u00f6lt \u00e9lettel.","og_url":"https:\/\/tanglystudio.com\/en\/product\/dancing-with-the-sun-and-the-moon-embroidery\/","og_site_name":"Tangly Studio","article_publisher":"https:\/\/www.facebook.com\/tanglystudio","article_modified_time":"2025-05-17T19:37:27+00:00","og_image":[{"width":1707,"height":2560,"url":"https:\/\/tanglystudio.com\/wp-content\/uploads\/2025\/05\/IMG_6273-scaled.jpg","type":"image\/jpeg"}],"twitter_card":"summary_large_image","twitter_misc":{"Estimated reading time":"1 minute"},"schema":{"@context":"https:\/\/schema.org","@graph":[{"@type":"WebPage","@id":"https:\/\/tanglystudio.com\/termek\/dancing-with-the-sun-and-the-moon-embroidery\/","url":"https:\/\/tanglystudio.com\/termek\/dancing-with-the-sun-and-the-moon-embroidery\/","name":"Dancing with the sun and the moon embroidery - Tangly Studio","isPartOf":{"@id":"https:\/\/tanglystudio.com\/#website"},"primaryImageOfPage":{"@id":"https:\/\/tanglystudio.com\/termek\/dancing-with-the-sun-and-the-moon-embroidery\/#primaryimage"},"image":{"@id":"https:\/\/tanglystudio.com\/termek\/dancing-with-the-sun-and-the-moon-embroidery\/#primaryimage"},"thumbnailUrl":"https:\/\/tanglystudio.com\/wp-content\/uploads\/2025\/05\/IMG_6273-scaled.jpg","datePublished":"2025-05-07T13:10:38+00:00","dateModified":"2025-05-17T19:37:27+00:00","description":"Vegyes technik\u00e1val k\u00e9sz\u00edtett textil k\u00e9p keretben. Ez a k\u00e9p k\u00e9zi \u00e9s g\u00e9pi h\u00edmz\u00e9ssel k\u00e9sz\u00fclt, k\u00fcl\u00f6nb\u00f6z\u0151 marad\u00e9k \u00e9s \u00fajrahasznos\u00edtott anyagb\u00f3l. A t\u00e1ncol\u00f3 l\u00e9nyek, a nap \u00e9s a hold megjelen\u00edt\u00e9se ezeken az izgalmas, tarka anyagokon b\u00e1rmilyen teret megt\u00f6lt \u00e9lettel.","breadcrumb":{"@id":"https:\/\/tanglystudio.com\/termek\/dancing-with-the-sun-and-the-moon-embroidery\/#breadcrumb"},"inLanguage":"en-GB","potentialAction":[{"@type":"ReadAction","target":["https:\/\/tanglystudio.com\/termek\/dancing-with-the-sun-and-the-moon-embroidery\/"]}]},{"@type":"ImageObject","inLanguage":"en-GB","@id":"https:\/\/tanglystudio.com\/termek\/dancing-with-the-sun-and-the-moon-embroidery\/#primaryimage","url":"https:\/\/tanglystudio.com\/wp-content\/uploads\/2025\/05\/IMG_6273-scaled.jpg","contentUrl":"https:\/\/tanglystudio.com\/wp-content\/uploads\/2025\/05\/IMG_6273-scaled.jpg","width":1707,"height":2560},{"@type":"BreadcrumbList","@id":"https:\/\/tanglystudio.com\/termek\/dancing-with-the-sun-and-the-moon-embroidery\/#breadcrumb","itemListElement":[{"@type":"ListItem","position":1,"name":"Kezd\u0151lap","item":"https:\/\/tanglystudio.com\/"},{"@type":"ListItem","position":2,"name":"Shop","item":"https:\/\/tanglystudio.com\/shop\/"},{"@type":"ListItem","position":3,"name":"Dancing with the sun and the moon embroidery"}]},{"@type":"WebSite","@id":"https:\/\/tanglystudio.com\/#website","url":"https:\/\/tanglystudio.com\/","name":"Tangly Studio","description":"Sustainable clothing, accessories, installations","publisher":{"@id":"https:\/\/tanglystudio.com\/#organization"},"potentialAction":[{"@type":"SearchAction","target":{"@type":"EntryPoint","urlTemplate":"https:\/\/tanglystudio.com\/?s={search_term_string}"},"query-input":{"@type":"PropertyValueSpecification","valueRequired":true,"valueName":"search_term_string"}}],"inLanguage":"en-GB"},{"@type":"Organization","@id":"https:\/\/tanglystudio.com\/#organization","name":"K\u00f6rnyezetbar\u00e1t alkot\u00e1sok sz\u00edvvel \u00e9s k\u00e9zzel","url":"https:\/\/tanglystudio.com\/","logo":{"@type":"ImageObject","inLanguage":"en-GB","@id":"https:\/\/tanglystudio.com\/#\/schema\/logo\/image\/","url":"https:\/\/tanglystudio.com\/wp-content\/uploads\/2024\/11\/tangly-studio_egysoros-fekvo_feketesarga-1.webp","contentUrl":"https:\/\/tanglystudio.com\/wp-content\/uploads\/2024\/11\/tangly-studio_egysoros-fekvo_feketesarga-1.webp","width":670,"height":335,"caption":"K\u00f6rnyezetbar\u00e1t alkot\u00e1sok sz\u00edvvel \u00e9s k\u00e9zzel"},"image":{"@id":"https:\/\/tanglystudio.com\/#\/schema\/logo\/image\/"},"sameAs":["https:\/\/www.facebook.com\/tanglystudio","https:\/\/www.instagram.com\/tanglystudio\/"]}]}},"_links":{"self":[{"href":"https:\/\/tanglystudio.com\/en\/wp-json\/wp\/v2\/product\/980","targetHints":{"allow":["GET"]}}],"collection":[{"href":"https:\/\/tanglystudio.com\/en\/wp-json\/wp\/v2\/product"}],"about":[{"href":"https:\/\/tanglystudio.com\/en\/wp-json\/wp\/v2\/types\/product"}],"replies":[{"embeddable":true,"href":"https:\/\/tanglystudio.com\/en\/wp-json\/wp\/v2\/comments?post=980"}],"wp:featuredmedia":[{"embeddable":true,"href":"https:\/\/tanglystudio.com\/en\/wp-json\/wp\/v2\/media\/977"}],"wp:attachment":[{"href":"https:\/\/tanglystudio.com\/en\/wp-json\/wp\/v2\/media?parent=980"}],"wp:term":[{"taxonomy":"product_brand","embeddable":true,"href":"https:\/\/tanglystudio.com\/en\/wp-json\/wp\/v2\/product_brand?post=980"},{"taxonomy":"product_cat","embeddable":true,"href":"https:\/\/tanglystudio.com\/en\/wp-json\/wp\/v2\/product_cat?post=980"},{"taxonomy":"product_tag","embeddable":true,"href":"https:\/\/tanglystudio.com\/en\/wp-json\/wp\/v2\/product_tag?post=980"}],"curies":[{"name":"wp","href":"https:\/\/api.w.org\/{rel}","templated":true}]}}